{"id":58,"date":"2017-12-31T11:13:19","date_gmt":"2017-12-31T10:13:19","guid":{"rendered":"https:\/\/cap-compute.servehttp.com\/cap-compute\/?page_id=58"},"modified":"2025-07-30T14:29:42","modified_gmt":"2025-07-30T12:29:42","slug":"contact","status":"publish","type":"page","link":"https:\/\/www.capcompute.com\/?page_id=58","title":{"rendered":"Contact"},"content":{"rendered":"<section style=\"max-width: 800px; margin: auto; padding: 2rem; font-family: Arial, sans-serif; line-height: 1.6;\">\n<h2 style=\"color: #ec3f5f; font-size: 2rem; margin-bottom: 1rem;\">Contactez-nous<\/h2>\n<p>Nous sommes \u00e0 votre disposition pour toute question ou demande d&rsquo;information. N&rsquo;h\u00e9sitez pas \u00e0 nous joindre par les moyens suivants :<\/p>\n<ul style=\"list-style-type: none; padding: 0;\">\n<li><strong>Email<\/strong> : <a href=\"mailto:contact@capcompute.com\" style=\"color: #ec3f5f;\">contact@capcompute.com<\/a><\/li>\n<li><strong>Envoyez nous un message LinkedIn<\/strong> : <a href=\"https:\/\/www.linkedin.com\/company\/capcompute\" target=\"_blank\" style=\"color: #ec3f5f;\" rel=\"noopener\">Suivez-nous sur LinkedIn<\/a><\/li>\n<\/ul>\n<p>  <!-- Logo Capcompute align\u00e9 \u00e0 gauche --><\/p>\n<div style=\"margin-top: 1.5rem;\">\n    <img decoding=\"async\" src=\"https:\/\/www.capcompute.com\/wp-content\/uploads\/2025\/04\/logo-web-transparent.png\" alt=\"Logo Capcompute\" style=\"max-width: 200px;\" \/>\n  <\/div>\n<h3 style=\"color: #ec3f5f; font-size: 1.5rem; margin-top: 2rem;\">Adresse<\/h3>\n<p>Venez nous rencontrer \u00e0 notre bureau :<\/p>\n<p>9 Rue Louis Aragon<br \/>44400 Rez\u00e9<\/p>\n<h3 style=\"color: #ec3f5f; font-size: 1.5rem; margin-top: 2rem;\">\u00c0 propos de Capcompute<\/h3>\n<p>Fond\u00e9e en 2015, Capcompute s&rsquo;engage \u00e0 rester proche de ses clients et partenaires, en offrant des solutions informatiques adapt\u00e9es \u00e0 vos besoins.<\/p>\n<\/section>\n","protected":false},"excerpt":{"rendered":"<p>Contactez-nous Nous sommes \u00e0 votre disposition pour toute question ou demande d&rsquo;information. N&rsquo;h\u00e9sitez pas \u00e0 nous joindre par les moyens suivants : Email : contact@capcompute.com Envoyez nous un message LinkedIn : Suivez-nous sur LinkedIn Adresse Venez nous rencontrer \u00e0 notre bureau : 9 Rue Louis Aragon44400 Rez\u00e9 \u00c0 propos de Capcompute Fond\u00e9e en 2015, Capcompute &hellip; <\/p>\n<p class=\"link-more\"><a href=\"https:\/\/www.capcompute.com\/?page_id=58\" class=\"more-link\">Continuer la lecture<span class=\"screen-reader-text\"> de &laquo;&nbsp;Contact&nbsp;&raquo;<\/span><\/a><\/p>\n","protected":false},"author":1,"featured_media":0,"parent":0,"menu_order":0,"comment_status":"closed","ping_status":"closed","template":"","meta":{"footnotes":""},"class_list":["post-58","page","type-page","status-publish","hentry"],"_links":{"self":[{"href":"https:\/\/www.capcompute.com\/index.php?rest_route=\/wp\/v2\/pages\/58","targetHints":{"allow":["GET"]}}],"collection":[{"href":"https:\/\/www.capcompute.com\/index.php?rest_route=\/wp\/v2\/pages"}],"about":[{"href":"https:\/\/www.capcompute.com\/index.php?rest_route=\/wp\/v2\/types\/page"}],"author":[{"embeddable":true,"href":"https:\/\/www.capcompute.com\/index.php?rest_route=\/wp\/v2\/users\/1"}],"replies":[{"embeddable":true,"href":"https:\/\/www.capcompute.com\/index.php?rest_route=%2Fwp%2Fv2%2Fcomments&post=58"}],"version-history":[{"count":20,"href":"https:\/\/www.capcompute.com\/index.php?rest_route=\/wp\/v2\/pages\/58\/revisions"}],"predecessor-version":[{"id":2703,"href":"https:\/\/www.capcompute.com\/index.php?rest_route=\/wp\/v2\/pages\/58\/revisions\/2703"}],"wp:attachment":[{"href":"https:\/\/www.capcompute.com\/index.php?rest_route=%2Fwp%2Fv2%2Fmedia&parent=58"}],"curies":[{"name":"wp","href":"https:\/\/api.w.org\/{rel}","templated":true}]}}