{"id":53,"date":"2017-12-31T11:07:17","date_gmt":"2017-12-31T10:07:17","guid":{"rendered":"https:\/\/cap-compute.servehttp.com\/cap-compute\/?page_id=53"},"modified":"2025-04-12T17:31:05","modified_gmt":"2025-04-12T15:31:05","slug":"accueil","status":"publish","type":"page","link":"https:\/\/www.capcompute.com\/","title":{"rendered":"&#8211; ACCUEIL &#8211;"},"content":{"rendered":"<section>\n<h2 style=\"color:#ec3f5f; font-size: 1.25rem;\"><strong>CapCompute, L&rsquo;ESN Nouvelle G\u00e9n\u00e9ration<\/strong><\/h2>\n<div style=\"display: flex; flex-wrap: wrap; align-items: center; gap: 2rem;\">\n<div style=\"flex: 1; min-width: 300px;\">\n      <img decoding=\"async\" src=\"https:\/\/www.capcompute.com\/wp-content\/uploads\/2025\/04\/image2.png\" alt=\"\u00c9quipe CapCompute\" style=\"width: 100%; border-radius: 12px;\" \/>\n    <\/div>\n<div style=\"flex: 1; min-width: 300px; font-size: 18px; line-height: 1.6;\">\n<p>\n        Chez <strong>CapCompute<\/strong>, nous construisons l\u2019avenir en combinant la confiance accord\u00e9e \u00e0 nos partenaires historiques avec l\u2019audace des talents d\u2019aujourd\u2019hui et de demain.\n      <\/p>\n<p>\n        Nous pla\u00e7ons nos consultants au c\u0153ur de notre strat\u00e9gie, en les accompagnant dans la r\u00e9alisation de leur projet professionnel, tout en garantissant un haut niveau d\u2019exigence et de qualit\u00e9 \u00e0 nos clients.\n      <\/p>\n<\/p><\/div>\n<\/p><\/div>\n<\/section>\n<hr style=\"margin: 3rem 0; border: none; border-top: 2px dotted #ec3f5f;\" \/>\n<section>\n<h2 style=\"color:#ec3f5f; font-size: 1.25rem;\"><strong>Nos Secteurs d&rsquo;Activit\u00e9<\/strong><\/h2>\n<div style=\"display: grid; grid-template-columns: repeat(auto-fit, minmax(200px, 1fr)); gap: 1rem; margin-top: 1rem;\">\n    <img decoding=\"async\" src=\"https:\/\/www.capcompute.com\/wp-content\/uploads\/2023\/12\/Banque-1024x1024.jpg\" alt=\"Secteur Banque\" style=\"width: 100%; border-radius: 8px;\" \/><br \/>\n    <img decoding=\"async\" src=\"https:\/\/www.capcompute.com\/wp-content\/uploads\/2023\/12\/Assurance-1024x1024.jpg\" alt=\"Secteur Assurance\" style=\"width: 100%; border-radius: 8px;\" \/><br \/>\n    <img decoding=\"async\" src=\"https:\/\/www.capcompute.com\/wp-content\/uploads\/2023\/12\/Defense-Securite-1024x1024.jpg\" alt=\"D\u00e9fense &#038; S\u00e9curit\u00e9\" style=\"width: 100%; border-radius: 8px;\" \/><br \/>\n    <img decoding=\"async\" src=\"https:\/\/www.capcompute.com\/wp-content\/uploads\/2023\/12\/Service-Telecom-1024x1024.jpg\" alt=\"Services &#038; T\u00e9l\u00e9com\" style=\"width: 100%; border-radius: 8px;\" \/><br \/>\n    <img decoding=\"async\" src=\"https:\/\/www.capcompute.com\/wp-content\/uploads\/2023\/12\/Energie-1-1024x1024.jpg\" alt=\"\u00c9nergie\" style=\"width: 100%; border-radius: 8px;\" \/><br \/>\n    <img decoding=\"async\" src=\"https:\/\/www.capcompute.com\/wp-content\/uploads\/2023\/12\/Aeronautique-spatial-1-1024x1024.jpg\" alt=\"A\u00e9ronautique &#038; Spatial\" style=\"width: 100%; border-radius: 8px;\" \/>\n  <\/div>\n<\/section>\n<hr style=\"margin: 3rem 0; border: none; border-top: 2px dotted #ec3f5f;\" \/>\n<section>\n<h3 style=\"color:#ec3f5f; font-size: 1.1rem; margin-bottom: 1rem;\">\n    <strong>Un fonctionnement qui repose sur 4 piliers essentiels :<\/strong><br \/>\n  <\/h3>\n<div style=\"display: grid; grid-template-columns: repeat(auto-fit, minmax(220px, 1fr)); gap: 2rem; margin-top: 2rem; text-align: center;\">\n<div>\n      <img decoding=\"async\" src=\"https:\/\/cdn-icons-png.flaticon.com\/512\/847\/847969.png\" alt=\"\u00c9coute\" style=\"width: 60px; margin-bottom: 1rem;\" \/><\/p>\n<h4 style=\"color:#ec3f5f;\">\u00c9coute &#038; Proximit\u00e9<\/h4>\n<p>Nous sommes \u00e0 l\u2019\u00e9coute de nos collaborateurs et de nos clients pour b\u00e2tir une relation de confiance durable.<\/p>\n<\/p><\/div>\n<div>\n      <img decoding=\"async\" src=\"https:\/\/cdn-icons-png.flaticon.com\/512\/684\/684908.png\" alt=\"Excellence\" style=\"width: 60px; margin-bottom: 1rem;\" \/><\/p>\n<h4 style=\"color:#ec3f5f;\">Exigence &#038; Qualit\u00e9<\/h4>\n<p>Nous veillons \u00e0 maintenir un haut niveau d\u2019exigence dans toutes nos prestations et \u00e0 garantir la satisfaction client.<\/p>\n<\/p><\/div>\n<div>\n      <img decoding=\"async\" src=\"https:\/\/cdn-icons-png.flaticon.com\/512\/1828\/1828884.png\" alt=\"\u00c9panouissement\" style=\"width: 60px; margin-bottom: 1rem;\" \/><\/p>\n<h4 style=\"color:#ec3f5f;\">\u00c9panouissement Humain<\/h4>\n<p>Le bien-\u00eatre et le d\u00e9veloppement des talents sont au c\u0153ur de notre strat\u00e9gie RH.<\/p>\n<\/p><\/div>\n<div>\n      <img decoding=\"async\" src=\"https:\/\/cdn-icons-png.flaticon.com\/512\/609\/609803.png\" alt=\"Innovation\" style=\"width: 60px; margin-bottom: 1rem;\" \/><\/p>\n<h4 style=\"color:#ec3f5f;\">Innovation Responsable<\/h4>\n<p>Nous int\u00e9grons les derni\u00e8res technologies en respectant nos engagements \u00e9thiques et soci\u00e9taux.<\/p>\n<\/p><\/div>\n<\/p><\/div>\n<\/section>\n","protected":false},"excerpt":{"rendered":"<p>CapCompute, L&rsquo;ESN Nouvelle G\u00e9n\u00e9ration Chez CapCompute, nous construisons l\u2019avenir en combinant la confiance accord\u00e9e \u00e0 nos partenaires historiques avec l\u2019audace des talents d\u2019aujourd\u2019hui et de demain. Nous pla\u00e7ons nos consultants au c\u0153ur de notre strat\u00e9gie, en les accompagnant dans la r\u00e9alisation de leur projet professionnel, tout en garantissant un haut niveau d\u2019exigence et de qualit\u00e9 &hellip; <\/p>\n<p class=\"link-more\"><a href=\"https:\/\/www.capcompute.com\/\" class=\"more-link\">Continuer la lecture<span class=\"screen-reader-text\"> de &laquo;&nbsp;&#8211; ACCUEIL &#8211;&nbsp;&raquo;<\/span><\/a><\/p>\n","protected":false},"author":1,"featured_media":0,"parent":0,"menu_order":0,"comment_status":"closed","ping_status":"closed","template":"","meta":{"footnotes":""},"class_list":["post-53","page","type-page","status-publish","hentry"],"_links":{"self":[{"href":"https:\/\/www.capcompute.com\/index.php?rest_route=\/wp\/v2\/pages\/53","targetHints":{"allow":["GET"]}}],"collection":[{"href":"https:\/\/www.capcompute.com\/index.php?rest_route=\/wp\/v2\/pages"}],"about":[{"href":"https:\/\/www.capcompute.com\/index.php?rest_route=\/wp\/v2\/types\/page"}],"author":[{"embeddable":true,"href":"https:\/\/www.capcompute.com\/index.php?rest_route=\/wp\/v2\/users\/1"}],"replies":[{"embeddable":true,"href":"https:\/\/www.capcompute.com\/index.php?rest_route=%2Fwp%2Fv2%2Fcomments&post=53"}],"version-history":[{"count":52,"href":"https:\/\/www.capcompute.com\/index.php?rest_route=\/wp\/v2\/pages\/53\/revisions"}],"predecessor-version":[{"id":2669,"href":"https:\/\/www.capcompute.com\/index.php?rest_route=\/wp\/v2\/pages\/53\/revisions\/2669"}],"wp:attachment":[{"href":"https:\/\/www.capcompute.com\/index.php?rest_route=%2Fwp%2Fv2%2Fmedia&parent=53"}],"curies":[{"name":"wp","href":"https:\/\/api.w.org\/{rel}","templated":true}]}}