{"id":243,"date":"2018-02-05T15:08:02","date_gmt":"2018-02-05T14:08:02","guid":{"rendered":"http:\/\/cap-compute.servehttp.com\/cap-compute\/?page_id=243"},"modified":"2022-08-25T17:03:30","modified_gmt":"2022-08-25T15:03:30","slug":"mentions-legales","status":"publish","type":"page","link":"https:\/\/www.capcompute.com\/?page_id=243","title":{"rendered":"Mentions L\u00e9gales"},"content":{"rendered":"<div class=\"chapeau1\">\n<p>Le site www.capcompute.com (ci-apr\u00e8s le \u00ab Site \u00bb) est \u00e9dit\u00e9 et administr\u00e9 par :<\/p>\n<p>CAPCOMPUTE ( Siret : 88537007200013 )<\/p>\n<p>9 rue Louis Aragon, 44400 Rez\u00e9<\/p>\n<p><strong>Droit de propri\u00e9t\u00e9 intellectuelle<\/strong><\/p>\n<p>Le Site est prot\u00e9g\u00e9 par la l\u00e9gislation fran\u00e7aise et internationale sur les droits d\u2019auteur et la propri\u00e9t\u00e9 intellectuelle. Le contenu et la conception du Site sont la propri\u00e9t\u00e9 exclusive de CAPCOMPUTE. Tous les droits de reproduction sont r\u00e9serv\u00e9s, y compris les repr\u00e9sentations photographiques et iconographiques. La reproduction de tout ou partie du Site sur un support quel qu\u2019il soit, est formellement interdite sans le consentement pr\u00e9alable et expr\u00e8s de CAPCOMPUTE. CAPCOMPUTE se r\u00e9serve le droit de modifier le Site et son contenu \u00e0 tout moment et ceci sans pr\u00e9avis.<\/p>\n<\/div>\n","protected":false},"excerpt":{"rendered":"<p>Le site www.capcompute.com (ci-apr\u00e8s le \u00ab Site \u00bb) est \u00e9dit\u00e9 et administr\u00e9 par : CAPCOMPUTE ( Siret : 88537007200013 ) 9 rue Louis Aragon, 44400 Rez\u00e9 Droit de propri\u00e9t\u00e9 intellectuelle Le Site est prot\u00e9g\u00e9 par la l\u00e9gislation fran\u00e7aise et internationale sur les droits d\u2019auteur et la propri\u00e9t\u00e9 intellectuelle. Le contenu et la conception du Site &hellip; <\/p>\n<p class=\"link-more\"><a href=\"https:\/\/www.capcompute.com\/?page_id=243\" class=\"more-link\">Continuer la lecture<span class=\"screen-reader-text\"> de &laquo;&nbsp;Mentions L\u00e9gales&nbsp;&raquo;<\/span><\/a><\/p>\n","protected":false},"author":1,"featured_media":0,"parent":0,"menu_order":0,"comment_status":"closed","ping_status":"closed","template":"","meta":{"footnotes":""},"class_list":["post-243","page","type-page","status-publish","hentry"],"_links":{"self":[{"href":"https:\/\/www.capcompute.com\/index.php?rest_route=\/wp\/v2\/pages\/243","targetHints":{"allow":["GET"]}}],"collection":[{"href":"https:\/\/www.capcompute.com\/index.php?rest_route=\/wp\/v2\/pages"}],"about":[{"href":"https:\/\/www.capcompute.com\/index.php?rest_route=\/wp\/v2\/types\/page"}],"author":[{"embeddable":true,"href":"https:\/\/www.capcompute.com\/index.php?rest_route=\/wp\/v2\/users\/1"}],"replies":[{"embeddable":true,"href":"https:\/\/www.capcompute.com\/index.php?rest_route=%2Fwp%2Fv2%2Fcomments&post=243"}],"version-history":[{"count":8,"href":"https:\/\/www.capcompute.com\/index.php?rest_route=\/wp\/v2\/pages\/243\/revisions"}],"predecessor-version":[{"id":2064,"href":"https:\/\/www.capcompute.com\/index.php?rest_route=\/wp\/v2\/pages\/243\/revisions\/2064"}],"wp:attachment":[{"href":"https:\/\/www.capcompute.com\/index.php?rest_route=%2Fwp%2Fv2%2Fmedia&parent=243"}],"curies":[{"name":"wp","href":"https:\/\/api.w.org\/{rel}","templated":true}]}}